{"id":1763,"date":"2020-12-09T18:40:07","date_gmt":"2020-12-09T18:40:07","guid":{"rendered":"http:\/\/www.arendal.com.mx\/hoc\/?page_id=1763"},"modified":"2021-07-28T15:48:02","modified_gmt":"2021-07-28T15:48:02","slug":"generacion-electrica","status":"publish","type":"page","link":"https:\/\/www.hocoffshore.com.mx\/en\/ejecucion-confiable\/energia\/generacion-electrica\/","title":{"rendered":"Generaci\u00f3n El\u00e9ctrica"},"content":{"rendered":"\t\t<div data-elementor-type=\"wp-page\" data-elementor-id=\"1763\" class=\"elementor elementor-1763\" data-elementor-post-type=\"page\">\n\t\t\t\t\t\t<section class=\"has_eae_slider elementor-section elementor-top-section elementor-element elementor-element-2c678e7 elementor-section-full_width elementor-section-height-default elementor-section-height-default\" data-id=\"2c678e7\" data-element_type=\"section\">\n\t\t\t\t\t\t<div class=\"elementor-container elementor-column-gap-no\">\n\t\t\t\t\t<div class=\"has_eae_slider elementor-column elementor-col-100 elementor-top-column elementor-element elementor-element-4e413a3\" data-id=\"4e413a3\" data-element_type=\"column\">\n\t\t\t<div class=\"elementor-widget-wrap elementor-element-populated\">\n\t\t\t\t\t\t<div class=\"elementor-element elementor-element-f8f5bd3 elementor-widget elementor-widget-template\" data-id=\"f8f5bd3\" data-element_type=\"widget\" data-widget_type=\"template.default\">\n\t\t\t\t<div class=\"elementor-widget-container\">\n\t\t\t\t\t\t\t<div class=\"elementor-template\">\n\t\t\t\t\t<div data-elementor-type=\"page\" data-elementor-id=\"11181\" class=\"elementor elementor-11181\" data-elementor-post-type=\"elementor_library\">\n\t\t\t\t\t\t<section class=\"has_eae_slider elementor-section elementor-top-section elementor-element elementor-element-5e97bf9 elementor-section-full_width elementor-section-height-default elementor-section-height-default\" data-id=\"5e97bf9\" data-element_type=\"section\">\n\t\t\t\t\t\t<div class=\"elementor-container elementor-column-gap-no\">\n\t\t\t\t\t<div class=\"has_eae_slider elementor-column elementor-col-100 elementor-top-column elementor-element elementor-element-8c9f399\" data-id=\"8c9f399\" data-element_type=\"column\">\n\t\t\t<div class=\"elementor-widget-wrap elementor-element-populated\">\n\t\t\t\t\t\t<section class=\"has_eae_slider elementor-section elementor-inner-section elementor-element elementor-element-853fe8a elementor-section-full_width elementor-section-height-min-height elementor-section-height-default\" data-id=\"853fe8a\" data-element_type=\"section\" data-settings=\"{&quot;background_background&quot;:&quot;classic&quot;}\">\n\t\t\t\t\t\t\t<div class=\"elementor-background-overlay\"><\/div>\n\t\t\t\t\t\t\t<div class=\"elementor-container elementor-column-gap-default\">\n\t\t\t\t\t<div class=\"has_eae_slider elementor-column elementor-col-100 elementor-inner-column elementor-element elementor-element-408c7a9\" data-id=\"408c7a9\" data-element_type=\"column\">\n\t\t\t<div class=\"elementor-widget-wrap elementor-element-populated\">\n\t\t\t\t\t\t\t<\/div>\n\t\t<\/div>\n\t\t\t\t\t<\/div>\n\t\t<\/section>\n\t\t\t\t\t<\/div>\n\t\t<\/div>\n\t\t\t\t\t<\/div>\n\t\t<\/section>\n\t\t\t\t<\/div>\n\t\t\t\t<\/div>\n\t\t\t\t\t\t<\/div>\n\t\t\t\t<\/div>\n\t\t\t\t\t<\/div>\n\t\t<\/div>\n\t\t\t\t\t<\/div>\n\t\t<\/section>\n\t\t\t\t<section class=\"has_eae_slider elementor-section elementor-top-section elementor-element elementor-element-8712c18 elementor-hidden-tablet elementor-hidden-phone elementor-section-full_width elementor-section-height-default elementor-section-height-default\" data-id=\"8712c18\" data-element_type=\"section\" data-settings=\"{&quot;sticky&quot;:&quot;top&quot;,&quot;background_background&quot;:&quot;classic&quot;,&quot;sticky_on&quot;:[&quot;desktop&quot;],&quot;sticky_offset&quot;:0,&quot;sticky_effects_offset&quot;:0,&quot;sticky_anchor_link_offset&quot;:0}\">\n\t\t\t\t\t\t<div class=\"elementor-container elementor-column-gap-no\">\n\t\t\t\t\t<div class=\"has_eae_slider elementor-column elementor-col-100 elementor-top-column elementor-element elementor-element-d3f00e2\" data-id=\"d3f00e2\" data-element_type=\"column\">\n\t\t\t<div class=\"elementor-widget-wrap elementor-element-populated\">\n\t\t\t\t\t\t<div class=\"elementor-element elementor-element-7969ec5 premium-type-row elementor-widget elementor-widget-premium-icon-list\" data-id=\"7969ec5\" data-element_type=\"widget\" data-settings=\"{&quot;premium_icon_list_animation&quot;:&quot;fadeIn&quot;,&quot;premium_icon_list_animation_delay&quot;:0,&quot;rbadges_repeater&quot;:[]}\" data-widget_type=\"premium-icon-list.default\">\n\t\t\t\t<div class=\"elementor-widget-container\">\n\t\t\t\t\t\t\t\t<ul class=\"premium-bullet-list-box\" data-list-animation=\"fadeIn animated-fast\">\r\n\t\t\r\n\t\t\t<li class=\"premium-bullet-list-content elementor-repeater-item-cadbec8 premium-bullet-list-content-grow-effect\" data-delay=\"0\">\r\n\t\t\t\t<div class=\"premium-bullet-list-text\">\r\n\t\t\t\t\r\n\t\t\t\t<span   data-text=\"Plantas de Generaci\u00f3n\"> Plantas de Generaci\u00f3n <\/span>\r\n\t\t\t\t<\/div>\r\n\r\n\t\t\t\t\r\n\t\t\t\t\t\t\t\t\t<a class=\"premium-bullet-list-link\" aria-label=\"Plantas de Generaci\u00f3n\" href=\"#plantas_generacion\">\r\n\t\t\t\t\t\t<span>Plantas de Generaci\u00f3n<\/span>\r\n\t\t\t\t\t<\/a>\r\n\t\t\t\t\r\n\t\t\t<\/li>\r\n\r\n\t\t\t\t\t\t\t\t\t\t<div class=\"premium-bullet-list-divider-inline\"><\/div>\r\n\t\t\t\t\t\t\t<\/ul>\r\n\t\t\t\t\t\t<\/div>\n\t\t\t\t<\/div>\n\t\t\t\t\t<\/div>\n\t\t<\/div>\n\t\t\t\t\t<\/div>\n\t\t<\/section>\n\t\t\t\t<section class=\"has_eae_slider elementor-section elementor-top-section elementor-element elementor-element-1aec911 elementor-section-full_width elementor-hidden-desktop elementor-section-height-default elementor-section-height-default elementor-invisible\" data-id=\"1aec911\" data-element_type=\"section\" data-settings=\"{&quot;animation&quot;:&quot;fadeInLeft&quot;}\">\n\t\t\t\t\t\t\t<div class=\"elementor-background-overlay\"><\/div>\n\t\t\t\t\t\t\t<div class=\"elementor-container elementor-column-gap-no\">\n\t\t\t\t\t<div class=\"has_eae_slider elementor-column elementor-col-100 elementor-top-column elementor-element elementor-element-0e59c50\" data-id=\"0e59c50\" data-element_type=\"column\">\n\t\t\t<div class=\"elementor-widget-wrap elementor-element-populated\">\n\t\t\t\t\t\t<section class=\"has_eae_slider elementor-section elementor-inner-section elementor-element elementor-element-0df2103 elementor-section-full_width elementor-section-height-min-height elementor-section-height-default\" data-id=\"0df2103\" data-element_type=\"section\" data-settings=\"{&quot;background_background&quot;:&quot;classic&quot;,&quot;animation&quot;:&quot;none&quot;,&quot;animation_tablet&quot;:&quot;fadeInLeft&quot;,&quot;animation_mobile&quot;:&quot;fadeInLeft&quot;}\">\n\t\t\t\t\t\t\t<div class=\"elementor-background-overlay\"><\/div>\n\t\t\t\t\t\t\t<div class=\"elementor-container elementor-column-gap-default\">\n\t\t\t\t\t<div class=\"has_eae_slider elementor-column elementor-col-50 elementor-inner-column elementor-element elementor-element-14ea382 elementor-hidden-tablet elementor-hidden-phone\" data-id=\"14ea382\" data-element_type=\"column\">\n\t\t\t<div class=\"elementor-widget-wrap\">\n\t\t\t\t\t\t\t<\/div>\n\t\t<\/div>\n\t\t\t\t<div class=\"has_eae_slider elementor-column elementor-col-50 elementor-inner-column elementor-element elementor-element-2b61646\" data-id=\"2b61646\" data-element_type=\"column\">\n\t\t\t<div class=\"elementor-widget-wrap\">\n\t\t\t\t\t\t\t<\/div>\n\t\t<\/div>\n\t\t\t\t\t<\/div>\n\t\t<\/section>\n\t\t\t\t\t<\/div>\n\t\t<\/div>\n\t\t\t\t\t<\/div>\n\t\t<\/section>\n\t\t\t\t<section class=\"has_eae_slider elementor-section elementor-top-section elementor-element elementor-element-9b387d8 elementor-section-full_width elementor-section-height-default elementor-section-height-default elementor-invisible\" data-id=\"9b387d8\" data-element_type=\"section\" data-settings=\"{&quot;animation&quot;:&quot;fadeInLeft&quot;}\">\n\t\t\t\t\t\t\t<div class=\"elementor-background-overlay\"><\/div>\n\t\t\t\t\t\t\t<div class=\"elementor-container elementor-column-gap-no\">\n\t\t\t\t\t<div class=\"has_eae_slider elementor-column elementor-col-100 elementor-top-column elementor-element elementor-element-911da5b\" data-id=\"911da5b\" data-element_type=\"column\">\n\t\t\t<div class=\"elementor-widget-wrap elementor-element-populated\">\n\t\t\t\t\t\t<section class=\"has_eae_slider elementor-section elementor-inner-section elementor-element elementor-element-f04d65f elementor-section-full_width elementor-section-height-min-height elementor-section-height-default elementor-invisible\" data-id=\"f04d65f\" data-element_type=\"section\" data-settings=\"{&quot;background_background&quot;:&quot;classic&quot;,&quot;animation&quot;:&quot;fadeInRight&quot;,&quot;animation_tablet&quot;:&quot;fadeIn&quot;,&quot;animation_mobile&quot;:&quot;fadeIn&quot;}\">\n\t\t\t\t\t\t\t<div class=\"elementor-background-overlay\"><\/div>\n\t\t\t\t\t\t\t<div class=\"elementor-container elementor-column-gap-default\">\n\t\t\t\t\t<div class=\"has_eae_slider elementor-column elementor-col-50 elementor-inner-column elementor-element elementor-element-a8df099 elementor-hidden-tablet elementor-hidden-phone\" data-id=\"a8df099\" data-element_type=\"column\">\n\t\t\t<div class=\"elementor-widget-wrap\">\n\t\t\t\t\t\t\t<\/div>\n\t\t<\/div>\n\t\t\t\t<div class=\"has_eae_slider elementor-column elementor-col-50 elementor-inner-column elementor-element elementor-element-869061b\" data-id=\"869061b\" data-element_type=\"column\">\n\t\t\t<div class=\"elementor-widget-wrap elementor-element-populated\">\n\t\t\t\t\t\t<div class=\"elementor-element elementor-element-a99f13d elementor-widget elementor-widget-menu-anchor\" data-id=\"a99f13d\" data-element_type=\"widget\" data-widget_type=\"menu-anchor.default\">\n\t\t\t\t<div class=\"elementor-widget-container\">\n\t\t\t\t\t\t\t<div class=\"elementor-menu-anchor\" id=\"plantas_generacion\"><\/div>\n\t\t\t\t\t\t<\/div>\n\t\t\t\t<\/div>\n\t\t\t\t<div class=\"elementor-element elementor-element-80f4766 elementor-widget elementor-widget-heading\" data-id=\"80f4766\" data-element_type=\"widget\" data-widget_type=\"heading.default\">\n\t\t\t\t<div class=\"elementor-widget-container\">\n\t\t\t\t\t<h1 class=\"elementor-heading-title elementor-size-xl\">Plantas de Generaci\u00f3n<\/h1>\t\t\t\t<\/div>\n\t\t\t\t<\/div>\n\t\t\t\t<div class=\"elementor-element elementor-element-c458b5c elementor-widget elementor-widget-text-editor\" data-id=\"c458b5c\" data-element_type=\"widget\" data-widget_type=\"text-editor.default\">\n\t\t\t\t<div class=\"elementor-widget-container\">\n\t\t\t\t\t\t\t\t\t<p>Contamos con amplia experiencia en la ejecuci\u00f3n de proyectos IPC multidisciplinarios de plantas de generaci\u00f3n el\u00e9ctrica, ciclos simples, ciclos combinados, cogeneraci\u00f3n, Incluyendo el montaje de sistemas de tuber\u00edas, instalaci\u00f3n de recuperadores de calor, calderas, as\u00ed como m\u00e1quinas de generaci\u00f3n.<\/p>\t\t\t\t\t\t\t\t<\/div>\n\t\t\t\t<\/div>\n\t\t\t\t\t<\/div>\n\t\t<\/div>\n\t\t\t\t\t<\/div>\n\t\t<\/section>\n\t\t\t\t\t<\/div>\n\t\t<\/div>\n\t\t\t\t\t<\/div>\n\t\t<\/section>\n\t\t\t\t<\/div>\n\t\t","protected":false},"excerpt":{"rendered":"<p>Plantas de Generaci\u00f3n Plantas de Generaci\u00f3n Contamos con amplia experiencia en la ejecuci\u00f3n de proyectos IPC multidisciplinarios de plantas de generaci\u00f3n el\u00e9ctrica, ciclos simples, ciclos combinados, cogeneraci\u00f3n, Incluyendo el montaje de sistemas de tuber\u00edas, instalaci\u00f3n de recuperadores de calor, calderas, as\u00ed como m\u00e1quinas de generaci\u00f3n.<\/p>\n","protected":false},"author":1,"featured_media":10371,"parent":6250,"menu_order":1,"comment_status":"closed","ping_status":"closed","template":"","meta":{"site-sidebar-layout":"no-sidebar","site-content-layout":"page-builder","ast-site-content-layout":"","site-content-style":"default","site-sidebar-style":"default","ast-global-header-display":"","ast-banner-title-visibility":"","ast-main-header-display":"disabled","ast-hfb-above-header-display":"","ast-hfb-below-header-display":"","ast-hfb-mobile-header-display":"","site-post-title":"disabled","ast-breadcrumbs-content":"","ast-featured-img":"disabled","footer-sml-layout":"","theme-transparent-header-meta":"disabled","adv-header-id-meta":"","stick-header-meta":"","header-above-stick-meta":"","header-main-stick-meta":"","header-below-stick-meta":"","astra-migrate-meta-layouts":"default","ast-page-background-enabled":"default","ast-page-background-meta":{"desktop":{"background-color":"","background-image":"","background-repeat":"repeat","background-position":"center center","background-size":"auto","background-attachment":"scroll","background-type":"","background-media":"","overlay-type":"","overlay-color":"","overlay-opacity":"","overlay-gradient":""},"tablet":{"background-color":"","background-image":"","background-repeat":"repeat","background-position":"center center","background-size":"auto","background-attachment":"scroll","background-type":"","background-media":"","overlay-type":"","overlay-color":"","overlay-opacity":"","overlay-gradient":""},"mobile":{"background-color":"","background-image":"","background-repeat":"repeat","background-position":"center center","background-size":"auto","background-attachment":"scroll","background-type":"","background-media":"","overlay-type":"","overlay-color":"","overlay-opacity":"","overlay-gradient":""}},"ast-content-background-meta":{"desktop":{"background-color":"var(--ast-global-color-5)","background-image":"","background-repeat":"repeat","background-position":"center center","background-size":"auto","background-attachment":"scroll","background-type":"","background-media":"","overlay-type":"","overlay-color":"","overlay-opacity":"","overlay-gradient":""},"tablet":{"background-color":"var(--ast-global-color-5)","background-image":"","background-repeat":"repeat","background-position":"center center","background-size":"auto","background-attachment":"scroll","background-type":"","background-media":"","overlay-type":"","overlay-color":"","overlay-opacity":"","overlay-gradient":""},"mobile":{"background-color":"var(--ast-global-color-5)","background-image":"","background-repeat":"repeat","background-position":"center center","background-size":"auto","background-attachment":"scroll","background-type":"","background-media":"","overlay-type":"","overlay-color":"","overlay-opacity":"","overlay-gradient":""}},"footnotes":""},"class_list":["post-1763","page","type-page","status-publish","has-post-thumbnail","hentry"],"yoast_head":"<!-- This site is optimized with the Yoast SEO plugin v24.7 - https:\/\/yoast.com\/wordpress\/plugins\/seo\/ -->\n<title>Generaci\u00f3n El\u00e9ctrica - HOC Offshore - Ingles<\/title>\n<meta name=\"robots\" content=\"noindex, follow, max-snippet:-1, max-image-preview:large, max-video-preview:-1\" \/>\n<meta property=\"og:locale\" content=\"es_ES\" \/>\n<meta property=\"og:type\" content=\"article\" \/>\n<meta property=\"og:title\" content=\"Generaci\u00f3n El\u00e9ctrica - HOC Offshore - Ingles\" \/>\n<meta property=\"og:description\" content=\"Plantas de Generaci\u00f3n Plantas de Generaci\u00f3n Contamos con amplia experiencia en la ejecuci\u00f3n de proyectos IPC multidisciplinarios de plantas de generaci\u00f3n el\u00e9ctrica, ciclos simples, ciclos combinados, cogeneraci\u00f3n, Incluyendo el montaje de sistemas de tuber\u00edas, instalaci\u00f3n de recuperadores de calor, calderas, as\u00ed como m\u00e1quinas de generaci\u00f3n.\" \/>\n<meta property=\"og:url\" content=\"https:\/\/www.hocoffshore.com.mx\/en\/ejecucion-confiable\/energia\/generacion-electrica\/\" \/>\n<meta property=\"og:site_name\" content=\"HOC Offshore - Ingles\" \/>\n<meta property=\"article:modified_time\" content=\"2021-07-28T15:48:02+00:00\" \/>\n<meta property=\"og:image\" content=\"https:\/\/www.hocoffshore.com.mx\/en\/wp-content\/uploads\/2021\/06\/Industrias-Transmision-ElectricaBanner-2.jpg\" \/>\n\t<meta property=\"og:image:width\" content=\"1920\" \/>\n\t<meta property=\"og:image:height\" content=\"400\" \/>\n\t<meta property=\"og:image:type\" content=\"image\/jpeg\" \/>\n<meta name=\"twitter:card\" content=\"summary_large_image\" \/>\n<meta name=\"twitter:label1\" content=\"Tiempo de lectura\" \/>\n\t<meta name=\"twitter:data1\" content=\"1 minuto\" \/>\n<script type=\"application\/ld+json\" class=\"yoast-schema-graph\">{\"@context\":\"https:\/\/schema.org\",\"@graph\":[{\"@type\":\"WebPage\",\"@id\":\"https:\/\/www.hocoffshore.com.mx\/en\/ejecucion-confiable\/energia\/generacion-electrica\/\",\"url\":\"https:\/\/www.hocoffshore.com.mx\/en\/ejecucion-confiable\/energia\/generacion-electrica\/\",\"name\":\"Generaci\u00f3n El\u00e9ctrica - HOC Offshore - Ingles\",\"isPartOf\":{\"@id\":\"https:\/\/www.hocoffshore.com.mx\/en\/#website\"},\"primaryImageOfPage\":{\"@id\":\"https:\/\/www.hocoffshore.com.mx\/en\/ejecucion-confiable\/energia\/generacion-electrica\/#primaryimage\"},\"image\":{\"@id\":\"https:\/\/www.hocoffshore.com.mx\/en\/ejecucion-confiable\/energia\/generacion-electrica\/#primaryimage\"},\"thumbnailUrl\":\"https:\/\/www.hocoffshore.com.mx\/en\/wp-content\/uploads\/2021\/06\/Industrias-Transmision-ElectricaBanner-2.jpg\",\"datePublished\":\"2020-12-09T18:40:07+00:00\",\"dateModified\":\"2021-07-28T15:48:02+00:00\",\"breadcrumb\":{\"@id\":\"https:\/\/www.hocoffshore.com.mx\/en\/ejecucion-confiable\/energia\/generacion-electrica\/#breadcrumb\"},\"inLanguage\":\"es\",\"potentialAction\":[{\"@type\":\"ReadAction\",\"target\":[\"https:\/\/www.hocoffshore.com.mx\/en\/ejecucion-confiable\/energia\/generacion-electrica\/\"]}]},{\"@type\":\"ImageObject\",\"inLanguage\":\"es\",\"@id\":\"https:\/\/www.hocoffshore.com.mx\/en\/ejecucion-confiable\/energia\/generacion-electrica\/#primaryimage\",\"url\":\"https:\/\/www.hocoffshore.com.mx\/en\/wp-content\/uploads\/2021\/06\/Industrias-Transmision-ElectricaBanner-2.jpg\",\"contentUrl\":\"https:\/\/www.hocoffshore.com.mx\/en\/wp-content\/uploads\/2021\/06\/Industrias-Transmision-ElectricaBanner-2.jpg\",\"width\":1920,\"height\":400},{\"@type\":\"BreadcrumbList\",\"@id\":\"https:\/\/www.hocoffshore.com.mx\/en\/ejecucion-confiable\/energia\/generacion-electrica\/#breadcrumb\",\"itemListElement\":[{\"@type\":\"ListItem\",\"position\":1,\"name\":\"Home\",\"item\":\"https:\/\/www.hocoffshore.com.mx\/en\/\"},{\"@type\":\"ListItem\",\"position\":2,\"name\":\"Industrias\",\"item\":\"https:\/\/www.hocoffshore.com.mx\/en\/ejecucion-confiable\/\"},{\"@type\":\"ListItem\",\"position\":3,\"name\":\"Energ\u00eda\",\"item\":\"https:\/\/www.hocoffshore.com.mx\/en\/ejecucion-confiable\/energia\/\"},{\"@type\":\"ListItem\",\"position\":4,\"name\":\"Generaci\u00f3n El\u00e9ctrica\"}]},{\"@type\":\"WebSite\",\"@id\":\"https:\/\/www.hocoffshore.com.mx\/en\/#website\",\"url\":\"https:\/\/www.hocoffshore.com.mx\/en\/\",\"name\":\"HOC Offshore - Ingles\",\"description\":\"Ejecuci\u00f3n Confiable\",\"publisher\":{\"@id\":\"https:\/\/www.hocoffshore.com.mx\/en\/#organization\"},\"potentialAction\":[{\"@type\":\"SearchAction\",\"target\":{\"@type\":\"EntryPoint\",\"urlTemplate\":\"https:\/\/www.hocoffshore.com.mx\/en\/?s={search_term_string}\"},\"query-input\":{\"@type\":\"PropertyValueSpecification\",\"valueRequired\":true,\"valueName\":\"search_term_string\"}}],\"inLanguage\":\"es\"},{\"@type\":\"Organization\",\"@id\":\"https:\/\/www.hocoffshore.com.mx\/en\/#organization\",\"name\":\"HOC Offshore - Ingles\",\"url\":\"https:\/\/www.hocoffshore.com.mx\/en\/\",\"logo\":{\"@type\":\"ImageObject\",\"inLanguage\":\"es\",\"@id\":\"https:\/\/www.hocoffshore.com.mx\/en\/#\/schema\/logo\/image\/\",\"url\":\"https:\/\/www.hocoffshore.com.mx\/en\/wp-content\/uploads\/2020\/11\/Logo-HOC-a-translucido.png\",\"contentUrl\":\"https:\/\/www.hocoffshore.com.mx\/en\/wp-content\/uploads\/2020\/11\/Logo-HOC-a-translucido.png\",\"width\":2033,\"height\":2086,\"caption\":\"HOC Offshore - Ingles\"},\"image\":{\"@id\":\"https:\/\/www.hocoffshore.com.mx\/en\/#\/schema\/logo\/image\/\"}}]}<\/script>\n<!-- \/ Yoast SEO plugin. -->","yoast_head_json":{"title":"Generaci\u00f3n El\u00e9ctrica - HOC Offshore - Ingles","robots":{"index":"noindex","follow":"follow","max-snippet":"max-snippet:-1","max-image-preview":"max-image-preview:large","max-video-preview":"max-video-preview:-1"},"og_locale":"es_ES","og_type":"article","og_title":"Generaci\u00f3n El\u00e9ctrica - HOC Offshore - Ingles","og_description":"Plantas de Generaci\u00f3n Plantas de Generaci\u00f3n Contamos con amplia experiencia en la ejecuci\u00f3n de proyectos IPC multidisciplinarios de plantas de generaci\u00f3n el\u00e9ctrica, ciclos simples, ciclos combinados, cogeneraci\u00f3n, Incluyendo el montaje de sistemas de tuber\u00edas, instalaci\u00f3n de recuperadores de calor, calderas, as\u00ed como m\u00e1quinas de generaci\u00f3n.","og_url":"https:\/\/www.hocoffshore.com.mx\/en\/ejecucion-confiable\/energia\/generacion-electrica\/","og_site_name":"HOC Offshore - Ingles","article_modified_time":"2021-07-28T15:48:02+00:00","og_image":[{"width":1920,"height":400,"url":"https:\/\/www.hocoffshore.com.mx\/en\/wp-content\/uploads\/2021\/06\/Industrias-Transmision-ElectricaBanner-2.jpg","type":"image\/jpeg"}],"twitter_card":"summary_large_image","twitter_misc":{"Tiempo de lectura":"1 minuto"},"schema":{"@context":"https:\/\/schema.org","@graph":[{"@type":"WebPage","@id":"https:\/\/www.hocoffshore.com.mx\/en\/ejecucion-confiable\/energia\/generacion-electrica\/","url":"https:\/\/www.hocoffshore.com.mx\/en\/ejecucion-confiable\/energia\/generacion-electrica\/","name":"Generaci\u00f3n El\u00e9ctrica - HOC Offshore - Ingles","isPartOf":{"@id":"https:\/\/www.hocoffshore.com.mx\/en\/#website"},"primaryImageOfPage":{"@id":"https:\/\/www.hocoffshore.com.mx\/en\/ejecucion-confiable\/energia\/generacion-electrica\/#primaryimage"},"image":{"@id":"https:\/\/www.hocoffshore.com.mx\/en\/ejecucion-confiable\/energia\/generacion-electrica\/#primaryimage"},"thumbnailUrl":"https:\/\/www.hocoffshore.com.mx\/en\/wp-content\/uploads\/2021\/06\/Industrias-Transmision-ElectricaBanner-2.jpg","datePublished":"2020-12-09T18:40:07+00:00","dateModified":"2021-07-28T15:48:02+00:00","breadcrumb":{"@id":"https:\/\/www.hocoffshore.com.mx\/en\/ejecucion-confiable\/energia\/generacion-electrica\/#breadcrumb"},"inLanguage":"es","potentialAction":[{"@type":"ReadAction","target":["https:\/\/www.hocoffshore.com.mx\/en\/ejecucion-confiable\/energia\/generacion-electrica\/"]}]},{"@type":"ImageObject","inLanguage":"es","@id":"https:\/\/www.hocoffshore.com.mx\/en\/ejecucion-confiable\/energia\/generacion-electrica\/#primaryimage","url":"https:\/\/www.hocoffshore.com.mx\/en\/wp-content\/uploads\/2021\/06\/Industrias-Transmision-ElectricaBanner-2.jpg","contentUrl":"https:\/\/www.hocoffshore.com.mx\/en\/wp-content\/uploads\/2021\/06\/Industrias-Transmision-ElectricaBanner-2.jpg","width":1920,"height":400},{"@type":"BreadcrumbList","@id":"https:\/\/www.hocoffshore.com.mx\/en\/ejecucion-confiable\/energia\/generacion-electrica\/#breadcrumb","itemListElement":[{"@type":"ListItem","position":1,"name":"Home","item":"https:\/\/www.hocoffshore.com.mx\/en\/"},{"@type":"ListItem","position":2,"name":"Industrias","item":"https:\/\/www.hocoffshore.com.mx\/en\/ejecucion-confiable\/"},{"@type":"ListItem","position":3,"name":"Energ\u00eda","item":"https:\/\/www.hocoffshore.com.mx\/en\/ejecucion-confiable\/energia\/"},{"@type":"ListItem","position":4,"name":"Generaci\u00f3n El\u00e9ctrica"}]},{"@type":"WebSite","@id":"https:\/\/www.hocoffshore.com.mx\/en\/#website","url":"https:\/\/www.hocoffshore.com.mx\/en\/","name":"HOC Offshore - Ingles","description":"Ejecuci\u00f3n Confiable","publisher":{"@id":"https:\/\/www.hocoffshore.com.mx\/en\/#organization"},"potentialAction":[{"@type":"SearchAction","target":{"@type":"EntryPoint","urlTemplate":"https:\/\/www.hocoffshore.com.mx\/en\/?s={search_term_string}"},"query-input":{"@type":"PropertyValueSpecification","valueRequired":true,"valueName":"search_term_string"}}],"inLanguage":"es"},{"@type":"Organization","@id":"https:\/\/www.hocoffshore.com.mx\/en\/#organization","name":"HOC Offshore - Ingles","url":"https:\/\/www.hocoffshore.com.mx\/en\/","logo":{"@type":"ImageObject","inLanguage":"es","@id":"https:\/\/www.hocoffshore.com.mx\/en\/#\/schema\/logo\/image\/","url":"https:\/\/www.hocoffshore.com.mx\/en\/wp-content\/uploads\/2020\/11\/Logo-HOC-a-translucido.png","contentUrl":"https:\/\/www.hocoffshore.com.mx\/en\/wp-content\/uploads\/2020\/11\/Logo-HOC-a-translucido.png","width":2033,"height":2086,"caption":"HOC Offshore - Ingles"},"image":{"@id":"https:\/\/www.hocoffshore.com.mx\/en\/#\/schema\/logo\/image\/"}}]}},"_links":{"self":[{"href":"https:\/\/www.hocoffshore.com.mx\/en\/wp-json\/wp\/v2\/pages\/1763","targetHints":{"allow":["GET"]}}],"collection":[{"href":"https:\/\/www.hocoffshore.com.mx\/en\/wp-json\/wp\/v2\/pages"}],"about":[{"href":"https:\/\/www.hocoffshore.com.mx\/en\/wp-json\/wp\/v2\/types\/page"}],"author":[{"embeddable":true,"href":"https:\/\/www.hocoffshore.com.mx\/en\/wp-json\/wp\/v2\/users\/1"}],"replies":[{"embeddable":true,"href":"https:\/\/www.hocoffshore.com.mx\/en\/wp-json\/wp\/v2\/comments?post=1763"}],"version-history":[{"count":0,"href":"https:\/\/www.hocoffshore.com.mx\/en\/wp-json\/wp\/v2\/pages\/1763\/revisions"}],"up":[{"embeddable":true,"href":"https:\/\/www.hocoffshore.com.mx\/en\/wp-json\/wp\/v2\/pages\/6250"}],"wp:featuredmedia":[{"embeddable":true,"href":"https:\/\/www.hocoffshore.com.mx\/en\/wp-json\/wp\/v2\/media\/10371"}],"wp:attachment":[{"href":"https:\/\/www.hocoffshore.com.mx\/en\/wp-json\/wp\/v2\/media?parent=1763"}],"curies":[{"name":"wp","href":"https:\/\/api.w.org\/{rel}","templated":true}]}}