{"id":1769,"date":"2020-12-09T18:49:01","date_gmt":"2020-12-09T18:49:01","guid":{"rendered":"http:\/\/www.arendal.com.mx\/hoc\/?page_id=1769"},"modified":"2021-07-28T15:41:04","modified_gmt":"2021-07-28T15:41:04","slug":"transmicion-electrica","status":"publish","type":"page","link":"https:\/\/www.hocoffshore.com.mx\/en\/ejecucion-confiable\/energia\/transmicion-electrica\/","title":{"rendered":"Transmici\u00f3n El\u00e9ctrica"},"content":{"rendered":"\t\t<div data-elementor-type=\"wp-page\" data-elementor-id=\"1769\" class=\"elementor elementor-1769\" data-elementor-post-type=\"page\">\n\t\t\t\t\t\t<section class=\"has_eae_slider elementor-section elementor-top-section elementor-element elementor-element-1186f5f elementor-section-full_width elementor-section-height-default elementor-section-height-default\" data-id=\"1186f5f\" data-element_type=\"section\">\n\t\t\t\t\t\t<div class=\"elementor-container elementor-column-gap-no\">\n\t\t\t\t\t<div class=\"has_eae_slider elementor-column elementor-col-100 elementor-top-column elementor-element elementor-element-1f0e487\" data-id=\"1f0e487\" data-element_type=\"column\">\n\t\t\t<div class=\"elementor-widget-wrap elementor-element-populated\">\n\t\t\t\t\t\t<div class=\"elementor-element elementor-element-db8e11a elementor-widget elementor-widget-template\" data-id=\"db8e11a\" data-element_type=\"widget\" data-widget_type=\"template.default\">\n\t\t\t\t<div class=\"elementor-widget-container\">\n\t\t\t\t\t\t\t<div class=\"elementor-template\">\n\t\t\t\t\t<div data-elementor-type=\"page\" data-elementor-id=\"11181\" class=\"elementor elementor-11181\" data-elementor-post-type=\"elementor_library\">\n\t\t\t\t\t\t<section class=\"has_eae_slider elementor-section elementor-top-section elementor-element elementor-element-5e97bf9 elementor-section-full_width elementor-section-height-default elementor-section-height-default\" data-id=\"5e97bf9\" data-element_type=\"section\">\n\t\t\t\t\t\t<div class=\"elementor-container elementor-column-gap-no\">\n\t\t\t\t\t<div class=\"has_eae_slider elementor-column elementor-col-100 elementor-top-column elementor-element elementor-element-8c9f399\" data-id=\"8c9f399\" data-element_type=\"column\">\n\t\t\t<div class=\"elementor-widget-wrap elementor-element-populated\">\n\t\t\t\t\t\t<section class=\"has_eae_slider elementor-section elementor-inner-section elementor-element elementor-element-853fe8a elementor-section-full_width elementor-section-height-min-height elementor-section-height-default\" data-id=\"853fe8a\" data-element_type=\"section\" data-settings=\"{&quot;background_background&quot;:&quot;classic&quot;}\">\n\t\t\t\t\t\t\t<div class=\"elementor-background-overlay\"><\/div>\n\t\t\t\t\t\t\t<div class=\"elementor-container elementor-column-gap-default\">\n\t\t\t\t\t<div class=\"has_eae_slider elementor-column elementor-col-100 elementor-inner-column elementor-element elementor-element-408c7a9\" data-id=\"408c7a9\" data-element_type=\"column\">\n\t\t\t<div class=\"elementor-widget-wrap elementor-element-populated\">\n\t\t\t\t\t\t\t<\/div>\n\t\t<\/div>\n\t\t\t\t\t<\/div>\n\t\t<\/section>\n\t\t\t\t\t<\/div>\n\t\t<\/div>\n\t\t\t\t\t<\/div>\n\t\t<\/section>\n\t\t\t\t<\/div>\n\t\t\t\t<\/div>\n\t\t\t\t\t\t<\/div>\n\t\t\t\t<\/div>\n\t\t\t\t\t<\/div>\n\t\t<\/div>\n\t\t\t\t\t<\/div>\n\t\t<\/section>\n\t\t\t\t<section class=\"has_eae_slider elementor-section elementor-top-section elementor-element elementor-element-fcd1055 elementor-hidden-tablet elementor-hidden-phone elementor-section-full_width elementor-section-height-default elementor-section-height-default\" data-id=\"fcd1055\" data-element_type=\"section\" data-settings=\"{&quot;sticky&quot;:&quot;top&quot;,&quot;background_background&quot;:&quot;classic&quot;,&quot;sticky_on&quot;:[&quot;desktop&quot;],&quot;sticky_offset&quot;:0,&quot;sticky_effects_offset&quot;:0,&quot;sticky_anchor_link_offset&quot;:0}\">\n\t\t\t\t\t\t<div class=\"elementor-container elementor-column-gap-no\">\n\t\t\t\t\t<div class=\"has_eae_slider elementor-column elementor-col-100 elementor-top-column elementor-element elementor-element-e7d7de8\" data-id=\"e7d7de8\" data-element_type=\"column\">\n\t\t\t<div class=\"elementor-widget-wrap elementor-element-populated\">\n\t\t\t\t\t\t<div class=\"elementor-element elementor-element-af325f6 premium-type-row elementor-widget elementor-widget-premium-icon-list\" data-id=\"af325f6\" data-element_type=\"widget\" data-settings=\"{&quot;premium_icon_list_animation&quot;:&quot;fadeIn&quot;,&quot;premium_icon_list_animation_delay&quot;:0,&quot;rbadges_repeater&quot;:[]}\" data-widget_type=\"premium-icon-list.default\">\n\t\t\t\t<div class=\"elementor-widget-container\">\n\t\t\t\t\t\t\t\t<ul class=\"premium-bullet-list-box\" data-list-animation=\"fadeIn animated-fast\">\r\n\t\t\r\n\t\t\t<li class=\"premium-bullet-list-content elementor-repeater-item-cadbec8 premium-bullet-list-content-grow-effect\" data-delay=\"0\">\r\n\t\t\t\t<div class=\"premium-bullet-list-text\">\r\n\t\t\t\t\r\n\t\t\t\t<span   data-text=\"Subestaciones y l\u00edneas de transmici\u00f3n\u200b\"> Subestaciones y l\u00edneas de transmici\u00f3n\u200b <\/span>\r\n\t\t\t\t<\/div>\r\n\r\n\t\t\t\t\r\n\t\t\t\t\t\t\t\t\t<a class=\"premium-bullet-list-link\" aria-label=\"Subestaciones y l\u00edneas de transmici\u00f3n\u200b\" href=\"#subestaciones_l\u00edneas_transmisi\u00f3n\">\r\n\t\t\t\t\t\t<span>Subestaciones y l\u00edneas de transmici\u00f3n\u200b<\/span>\r\n\t\t\t\t\t<\/a>\r\n\t\t\t\t\r\n\t\t\t<\/li>\r\n\r\n\t\t\t\t\t\t\t\t\t\t<div class=\"premium-bullet-list-divider-inline\"><\/div>\r\n\t\t\t\t\t\t\t<\/ul>\r\n\t\t\t\t\t\t<\/div>\n\t\t\t\t<\/div>\n\t\t\t\t\t<\/div>\n\t\t<\/div>\n\t\t\t\t\t<\/div>\n\t\t<\/section>\n\t\t\t\t<section class=\"has_eae_slider elementor-section elementor-top-section elementor-element elementor-element-289fe15 elementor-section-full_width elementor-hidden-desktop elementor-section-height-default elementor-section-height-default elementor-invisible\" data-id=\"289fe15\" data-element_type=\"section\" data-settings=\"{&quot;animation&quot;:&quot;fadeInRight&quot;}\">\n\t\t\t\t\t\t\t<div class=\"elementor-background-overlay\"><\/div>\n\t\t\t\t\t\t\t<div class=\"elementor-container elementor-column-gap-no\">\n\t\t\t\t\t<div class=\"has_eae_slider elementor-column elementor-col-100 elementor-top-column elementor-element elementor-element-7376496\" data-id=\"7376496\" data-element_type=\"column\">\n\t\t\t<div class=\"elementor-widget-wrap elementor-element-populated\">\n\t\t\t\t\t\t<section class=\"has_eae_slider elementor-section elementor-inner-section elementor-element elementor-element-62a1367 elementor-section-full_width elementor-section-height-min-height elementor-section-height-default\" data-id=\"62a1367\" data-element_type=\"section\" data-settings=\"{&quot;background_background&quot;:&quot;classic&quot;,&quot;animation&quot;:&quot;none&quot;,&quot;animation_tablet&quot;:&quot;fadeInRight&quot;,&quot;animation_mobile&quot;:&quot;fadeInRight&quot;}\">\n\t\t\t\t\t\t\t<div class=\"elementor-background-overlay\"><\/div>\n\t\t\t\t\t\t\t<div class=\"elementor-container elementor-column-gap-default\">\n\t\t\t\t\t<div class=\"has_eae_slider elementor-column elementor-col-100 elementor-inner-column elementor-element elementor-element-ddea239\" data-id=\"ddea239\" data-element_type=\"column\">\n\t\t\t<div class=\"elementor-widget-wrap\">\n\t\t\t\t\t\t\t<\/div>\n\t\t<\/div>\n\t\t\t\t\t<\/div>\n\t\t<\/section>\n\t\t\t\t\t<\/div>\n\t\t<\/div>\n\t\t\t\t\t<\/div>\n\t\t<\/section>\n\t\t\t\t<section class=\"has_eae_slider elementor-section elementor-top-section elementor-element elementor-element-cdd2271 elementor-section-full_width elementor-section-height-default elementor-section-height-default elementor-invisible\" data-id=\"cdd2271\" data-element_type=\"section\" data-settings=\"{&quot;animation&quot;:&quot;fadeInRight&quot;,&quot;animation_tablet&quot;:&quot;fadeIn&quot;}\">\n\t\t\t\t\t\t\t<div class=\"elementor-background-overlay\"><\/div>\n\t\t\t\t\t\t\t<div class=\"elementor-container elementor-column-gap-no\">\n\t\t\t\t\t<div class=\"has_eae_slider elementor-column elementor-col-100 elementor-top-column elementor-element elementor-element-cef159d\" data-id=\"cef159d\" data-element_type=\"column\">\n\t\t\t<div class=\"elementor-widget-wrap elementor-element-populated\">\n\t\t\t\t\t\t<section class=\"has_eae_slider elementor-section elementor-inner-section elementor-element elementor-element-6f8efcd elementor-section-full_width elementor-section-height-min-height elementor-section-height-default elementor-invisible\" data-id=\"6f8efcd\" data-element_type=\"section\" data-settings=\"{&quot;background_background&quot;:&quot;classic&quot;,&quot;animation&quot;:&quot;fadeInLeft&quot;,&quot;animation_mobile&quot;:&quot;fadeIn&quot;}\">\n\t\t\t\t\t\t\t<div class=\"elementor-background-overlay\"><\/div>\n\t\t\t\t\t\t\t<div class=\"elementor-container elementor-column-gap-default\">\n\t\t\t\t\t<div class=\"has_eae_slider elementor-column elementor-col-50 elementor-inner-column elementor-element elementor-element-787fa1b\" data-id=\"787fa1b\" data-element_type=\"column\">\n\t\t\t<div class=\"elementor-widget-wrap elementor-element-populated\">\n\t\t\t\t\t\t<div class=\"elementor-element elementor-element-5fe2902 elementor-widget elementor-widget-menu-anchor\" data-id=\"5fe2902\" data-element_type=\"widget\" data-widget_type=\"menu-anchor.default\">\n\t\t\t\t<div class=\"elementor-widget-container\">\n\t\t\t\t\t\t\t<div class=\"elementor-menu-anchor\" id=\"subestaciones_lneas_transmisin\"><\/div>\n\t\t\t\t\t\t<\/div>\n\t\t\t\t<\/div>\n\t\t\t\t<div class=\"elementor-element elementor-element-34139a46 elementor-widget elementor-widget-heading\" data-id=\"34139a46\" data-element_type=\"widget\" data-widget_type=\"heading.default\">\n\t\t\t\t<div class=\"elementor-widget-container\">\n\t\t\t\t\t<h1 class=\"elementor-heading-title elementor-size-xl\">Subestaciones y l\u00edneas de transmisi\u00f3n<\/h1>\t\t\t\t<\/div>\n\t\t\t\t<\/div>\n\t\t\t\t<div class=\"elementor-element elementor-element-6663c201 elementor-widget elementor-widget-text-editor\" data-id=\"6663c201\" data-element_type=\"widget\" data-widget_type=\"text-editor.default\">\n\t\t\t\t<div class=\"elementor-widget-container\">\n\t\t\t\t\t\t\t\t\t<p>Tenemos amplia experiencia en la ejecuci\u00f3n de proyectos IPC para la construcci\u00f3n de subestaciones el\u00e9ctricas y l\u00edneas de transmisi\u00f3n de alta, media y baja tensi\u00f3n. La instalaci\u00f3n de subestaciones el\u00e9ctricas ha incluido entre otros los sistemas de transformaci\u00f3n, sistemas de protecciones, sistemas de control el\u00e9ctrico, patios de distribuci\u00f3n.<\/p>\t\t\t\t\t\t\t\t<\/div>\n\t\t\t\t<\/div>\n\t\t\t\t\t<\/div>\n\t\t<\/div>\n\t\t\t\t<div class=\"has_eae_slider elementor-column elementor-col-50 elementor-inner-column elementor-element elementor-element-5741400 elementor-hidden-tablet elementor-hidden-phone\" data-id=\"5741400\" data-element_type=\"column\">\n\t\t\t<div class=\"elementor-widget-wrap\">\n\t\t\t\t\t\t\t<\/div>\n\t\t<\/div>\n\t\t\t\t\t<\/div>\n\t\t<\/section>\n\t\t\t\t\t<\/div>\n\t\t<\/div>\n\t\t\t\t\t<\/div>\n\t\t<\/section>\n\t\t\t\t<\/div>\n\t\t","protected":false},"excerpt":{"rendered":"<p>Subestaciones y l\u00edneas de transmici\u00f3n\u200b Subestaciones y l\u00edneas de transmisi\u00f3n Tenemos amplia experiencia en la ejecuci\u00f3n de proyectos IPC para la construcci\u00f3n de subestaciones el\u00e9ctricas y l\u00edneas de transmisi\u00f3n de alta, media y baja tensi\u00f3n. La instalaci\u00f3n de subestaciones el\u00e9ctricas ha incluido entre otros los sistemas de transformaci\u00f3n, sistemas de protecciones, sistemas de control el\u00e9ctrico, [&hellip;]<\/p>\n","protected":false},"author":1,"featured_media":10376,"parent":6250,"menu_order":2,"comment_status":"closed","ping_status":"closed","template":"","meta":{"site-sidebar-layout":"no-sidebar","site-content-layout":"page-builder","ast-site-content-layout":"","site-content-style":"default","site-sidebar-style":"default","ast-global-header-display":"","ast-banner-title-visibility":"","ast-main-header-display":"disabled","ast-hfb-above-header-display":"","ast-hfb-below-header-display":"","ast-hfb-mobile-header-display":"","site-post-title":"disabled","ast-breadcrumbs-content":"","ast-featured-img":"disabled","footer-sml-layout":"","theme-transparent-header-meta":"disabled","adv-header-id-meta":"","stick-header-meta":"","header-above-stick-meta":"","header-main-stick-meta":"","header-below-stick-meta":"","astra-migrate-meta-layouts":"default","ast-page-background-enabled":"default","ast-page-background-meta":{"desktop":{"background-color":"","background-image":"","background-repeat":"repeat","background-position":"center center","background-size":"auto","background-attachment":"scroll","background-type":"","background-media":"","overlay-type":"","overlay-color":"","overlay-opacity":"","overlay-gradient":""},"tablet":{"background-color":"","background-image":"","background-repeat":"repeat","background-position":"center center","background-size":"auto","background-attachment":"scroll","background-type":"","background-media":"","overlay-type":"","overlay-color":"","overlay-opacity":"","overlay-gradient":""},"mobile":{"background-color":"","background-image":"","background-repeat":"repeat","background-position":"center center","background-size":"auto","background-attachment":"scroll","background-type":"","background-media":"","overlay-type":"","overlay-color":"","overlay-opacity":"","overlay-gradient":""}},"ast-content-background-meta":{"desktop":{"background-color":"var(--ast-global-color-5)","background-image":"","background-repeat":"repeat","background-position":"center center","background-size":"auto","background-attachment":"scroll","background-type":"","background-media":"","overlay-type":"","overlay-color":"","overlay-opacity":"","overlay-gradient":""},"tablet":{"background-color":"var(--ast-global-color-5)","background-image":"","background-repeat":"repeat","background-position":"center center","background-size":"auto","background-attachment":"scroll","background-type":"","background-media":"","overlay-type":"","overlay-color":"","overlay-opacity":"","overlay-gradient":""},"mobile":{"background-color":"var(--ast-global-color-5)","background-image":"","background-repeat":"repeat","background-position":"center center","background-size":"auto","background-attachment":"scroll","background-type":"","background-media":"","overlay-type":"","overlay-color":"","overlay-opacity":"","overlay-gradient":""}},"footnotes":""},"class_list":["post-1769","page","type-page","status-publish","has-post-thumbnail","hentry"],"yoast_head":"<!-- This site is optimized with the Yoast SEO plugin v24.7 - https:\/\/yoast.com\/wordpress\/plugins\/seo\/ -->\n<title>Transmici\u00f3n El\u00e9ctrica - HOC Offshore - Ingles<\/title>\n<meta name=\"robots\" content=\"noindex, follow, max-snippet:-1, max-image-preview:large, max-video-preview:-1\" \/>\n<meta property=\"og:locale\" content=\"es_ES\" \/>\n<meta property=\"og:type\" content=\"article\" \/>\n<meta property=\"og:title\" content=\"Transmici\u00f3n El\u00e9ctrica - HOC Offshore - Ingles\" \/>\n<meta property=\"og:description\" content=\"Subestaciones y l\u00edneas de transmici\u00f3n\u200b Subestaciones y l\u00edneas de transmisi\u00f3n Tenemos amplia experiencia en la ejecuci\u00f3n de proyectos IPC para la construcci\u00f3n de subestaciones el\u00e9ctricas y l\u00edneas de transmisi\u00f3n de alta, media y baja tensi\u00f3n. La instalaci\u00f3n de subestaciones el\u00e9ctricas ha incluido entre otros los sistemas de transformaci\u00f3n, sistemas de protecciones, sistemas de control el\u00e9ctrico, [&hellip;]\" \/>\n<meta property=\"og:url\" content=\"https:\/\/www.hocoffshore.com.mx\/en\/ejecucion-confiable\/energia\/transmicion-electrica\/\" \/>\n<meta property=\"og:site_name\" content=\"HOC Offshore - Ingles\" \/>\n<meta property=\"article:modified_time\" content=\"2021-07-28T15:41:04+00:00\" \/>\n<meta property=\"og:image\" content=\"https:\/\/www.hocoffshore.com.mx\/en\/wp-content\/uploads\/2021\/06\/Industrias-Transmision-ElectricaBanner-3.jpg\" \/>\n\t<meta property=\"og:image:width\" content=\"1920\" \/>\n\t<meta property=\"og:image:height\" content=\"400\" \/>\n\t<meta property=\"og:image:type\" content=\"image\/jpeg\" \/>\n<meta name=\"twitter:card\" content=\"summary_large_image\" \/>\n<meta name=\"twitter:label1\" content=\"Tiempo de lectura\" \/>\n\t<meta name=\"twitter:data1\" content=\"1 minuto\" \/>\n<script type=\"application\/ld+json\" class=\"yoast-schema-graph\">{\"@context\":\"https:\/\/schema.org\",\"@graph\":[{\"@type\":\"WebPage\",\"@id\":\"https:\/\/www.hocoffshore.com.mx\/en\/ejecucion-confiable\/energia\/transmicion-electrica\/\",\"url\":\"https:\/\/www.hocoffshore.com.mx\/en\/ejecucion-confiable\/energia\/transmicion-electrica\/\",\"name\":\"Transmici\u00f3n El\u00e9ctrica - HOC Offshore - Ingles\",\"isPartOf\":{\"@id\":\"https:\/\/www.hocoffshore.com.mx\/en\/#website\"},\"primaryImageOfPage\":{\"@id\":\"https:\/\/www.hocoffshore.com.mx\/en\/ejecucion-confiable\/energia\/transmicion-electrica\/#primaryimage\"},\"image\":{\"@id\":\"https:\/\/www.hocoffshore.com.mx\/en\/ejecucion-confiable\/energia\/transmicion-electrica\/#primaryimage\"},\"thumbnailUrl\":\"https:\/\/www.hocoffshore.com.mx\/en\/wp-content\/uploads\/2021\/06\/Industrias-Transmision-ElectricaBanner-3.jpg\",\"datePublished\":\"2020-12-09T18:49:01+00:00\",\"dateModified\":\"2021-07-28T15:41:04+00:00\",\"breadcrumb\":{\"@id\":\"https:\/\/www.hocoffshore.com.mx\/en\/ejecucion-confiable\/energia\/transmicion-electrica\/#breadcrumb\"},\"inLanguage\":\"es\",\"potentialAction\":[{\"@type\":\"ReadAction\",\"target\":[\"https:\/\/www.hocoffshore.com.mx\/en\/ejecucion-confiable\/energia\/transmicion-electrica\/\"]}]},{\"@type\":\"ImageObject\",\"inLanguage\":\"es\",\"@id\":\"https:\/\/www.hocoffshore.com.mx\/en\/ejecucion-confiable\/energia\/transmicion-electrica\/#primaryimage\",\"url\":\"https:\/\/www.hocoffshore.com.mx\/en\/wp-content\/uploads\/2021\/06\/Industrias-Transmision-ElectricaBanner-3.jpg\",\"contentUrl\":\"https:\/\/www.hocoffshore.com.mx\/en\/wp-content\/uploads\/2021\/06\/Industrias-Transmision-ElectricaBanner-3.jpg\",\"width\":1920,\"height\":400},{\"@type\":\"BreadcrumbList\",\"@id\":\"https:\/\/www.hocoffshore.com.mx\/en\/ejecucion-confiable\/energia\/transmicion-electrica\/#breadcrumb\",\"itemListElement\":[{\"@type\":\"ListItem\",\"position\":1,\"name\":\"Home\",\"item\":\"https:\/\/www.hocoffshore.com.mx\/en\/\"},{\"@type\":\"ListItem\",\"position\":2,\"name\":\"Industrias\",\"item\":\"https:\/\/www.hocoffshore.com.mx\/en\/ejecucion-confiable\/\"},{\"@type\":\"ListItem\",\"position\":3,\"name\":\"Energ\u00eda\",\"item\":\"https:\/\/www.hocoffshore.com.mx\/en\/ejecucion-confiable\/energia\/\"},{\"@type\":\"ListItem\",\"position\":4,\"name\":\"Transmici\u00f3n El\u00e9ctrica\"}]},{\"@type\":\"WebSite\",\"@id\":\"https:\/\/www.hocoffshore.com.mx\/en\/#website\",\"url\":\"https:\/\/www.hocoffshore.com.mx\/en\/\",\"name\":\"HOC Offshore - Ingles\",\"description\":\"Ejecuci\u00f3n Confiable\",\"publisher\":{\"@id\":\"https:\/\/www.hocoffshore.com.mx\/en\/#organization\"},\"potentialAction\":[{\"@type\":\"SearchAction\",\"target\":{\"@type\":\"EntryPoint\",\"urlTemplate\":\"https:\/\/www.hocoffshore.com.mx\/en\/?s={search_term_string}\"},\"query-input\":{\"@type\":\"PropertyValueSpecification\",\"valueRequired\":true,\"valueName\":\"search_term_string\"}}],\"inLanguage\":\"es\"},{\"@type\":\"Organization\",\"@id\":\"https:\/\/www.hocoffshore.com.mx\/en\/#organization\",\"name\":\"HOC Offshore - Ingles\",\"url\":\"https:\/\/www.hocoffshore.com.mx\/en\/\",\"logo\":{\"@type\":\"ImageObject\",\"inLanguage\":\"es\",\"@id\":\"https:\/\/www.hocoffshore.com.mx\/en\/#\/schema\/logo\/image\/\",\"url\":\"https:\/\/www.hocoffshore.com.mx\/en\/wp-content\/uploads\/2020\/11\/Logo-HOC-a-translucido.png\",\"contentUrl\":\"https:\/\/www.hocoffshore.com.mx\/en\/wp-content\/uploads\/2020\/11\/Logo-HOC-a-translucido.png\",\"width\":2033,\"height\":2086,\"caption\":\"HOC Offshore - Ingles\"},\"image\":{\"@id\":\"https:\/\/www.hocoffshore.com.mx\/en\/#\/schema\/logo\/image\/\"}}]}<\/script>\n<!-- \/ Yoast SEO plugin. -->","yoast_head_json":{"title":"Transmici\u00f3n El\u00e9ctrica - HOC Offshore - Ingles","robots":{"index":"noindex","follow":"follow","max-snippet":"max-snippet:-1","max-image-preview":"max-image-preview:large","max-video-preview":"max-video-preview:-1"},"og_locale":"es_ES","og_type":"article","og_title":"Transmici\u00f3n El\u00e9ctrica - HOC Offshore - Ingles","og_description":"Subestaciones y l\u00edneas de transmici\u00f3n\u200b Subestaciones y l\u00edneas de transmisi\u00f3n Tenemos amplia experiencia en la ejecuci\u00f3n de proyectos IPC para la construcci\u00f3n de subestaciones el\u00e9ctricas y l\u00edneas de transmisi\u00f3n de alta, media y baja tensi\u00f3n. La instalaci\u00f3n de subestaciones el\u00e9ctricas ha incluido entre otros los sistemas de transformaci\u00f3n, sistemas de protecciones, sistemas de control el\u00e9ctrico, [&hellip;]","og_url":"https:\/\/www.hocoffshore.com.mx\/en\/ejecucion-confiable\/energia\/transmicion-electrica\/","og_site_name":"HOC Offshore - Ingles","article_modified_time":"2021-07-28T15:41:04+00:00","og_image":[{"width":1920,"height":400,"url":"https:\/\/www.hocoffshore.com.mx\/en\/wp-content\/uploads\/2021\/06\/Industrias-Transmision-ElectricaBanner-3.jpg","type":"image\/jpeg"}],"twitter_card":"summary_large_image","twitter_misc":{"Tiempo de lectura":"1 minuto"},"schema":{"@context":"https:\/\/schema.org","@graph":[{"@type":"WebPage","@id":"https:\/\/www.hocoffshore.com.mx\/en\/ejecucion-confiable\/energia\/transmicion-electrica\/","url":"https:\/\/www.hocoffshore.com.mx\/en\/ejecucion-confiable\/energia\/transmicion-electrica\/","name":"Transmici\u00f3n El\u00e9ctrica - HOC Offshore - Ingles","isPartOf":{"@id":"https:\/\/www.hocoffshore.com.mx\/en\/#website"},"primaryImageOfPage":{"@id":"https:\/\/www.hocoffshore.com.mx\/en\/ejecucion-confiable\/energia\/transmicion-electrica\/#primaryimage"},"image":{"@id":"https:\/\/www.hocoffshore.com.mx\/en\/ejecucion-confiable\/energia\/transmicion-electrica\/#primaryimage"},"thumbnailUrl":"https:\/\/www.hocoffshore.com.mx\/en\/wp-content\/uploads\/2021\/06\/Industrias-Transmision-ElectricaBanner-3.jpg","datePublished":"2020-12-09T18:49:01+00:00","dateModified":"2021-07-28T15:41:04+00:00","breadcrumb":{"@id":"https:\/\/www.hocoffshore.com.mx\/en\/ejecucion-confiable\/energia\/transmicion-electrica\/#breadcrumb"},"inLanguage":"es","potentialAction":[{"@type":"ReadAction","target":["https:\/\/www.hocoffshore.com.mx\/en\/ejecucion-confiable\/energia\/transmicion-electrica\/"]}]},{"@type":"ImageObject","inLanguage":"es","@id":"https:\/\/www.hocoffshore.com.mx\/en\/ejecucion-confiable\/energia\/transmicion-electrica\/#primaryimage","url":"https:\/\/www.hocoffshore.com.mx\/en\/wp-content\/uploads\/2021\/06\/Industrias-Transmision-ElectricaBanner-3.jpg","contentUrl":"https:\/\/www.hocoffshore.com.mx\/en\/wp-content\/uploads\/2021\/06\/Industrias-Transmision-ElectricaBanner-3.jpg","width":1920,"height":400},{"@type":"BreadcrumbList","@id":"https:\/\/www.hocoffshore.com.mx\/en\/ejecucion-confiable\/energia\/transmicion-electrica\/#breadcrumb","itemListElement":[{"@type":"ListItem","position":1,"name":"Home","item":"https:\/\/www.hocoffshore.com.mx\/en\/"},{"@type":"ListItem","position":2,"name":"Industrias","item":"https:\/\/www.hocoffshore.com.mx\/en\/ejecucion-confiable\/"},{"@type":"ListItem","position":3,"name":"Energ\u00eda","item":"https:\/\/www.hocoffshore.com.mx\/en\/ejecucion-confiable\/energia\/"},{"@type":"ListItem","position":4,"name":"Transmici\u00f3n El\u00e9ctrica"}]},{"@type":"WebSite","@id":"https:\/\/www.hocoffshore.com.mx\/en\/#website","url":"https:\/\/www.hocoffshore.com.mx\/en\/","name":"HOC Offshore - Ingles","description":"Ejecuci\u00f3n Confiable","publisher":{"@id":"https:\/\/www.hocoffshore.com.mx\/en\/#organization"},"potentialAction":[{"@type":"SearchAction","target":{"@type":"EntryPoint","urlTemplate":"https:\/\/www.hocoffshore.com.mx\/en\/?s={search_term_string}"},"query-input":{"@type":"PropertyValueSpecification","valueRequired":true,"valueName":"search_term_string"}}],"inLanguage":"es"},{"@type":"Organization","@id":"https:\/\/www.hocoffshore.com.mx\/en\/#organization","name":"HOC Offshore - Ingles","url":"https:\/\/www.hocoffshore.com.mx\/en\/","logo":{"@type":"ImageObject","inLanguage":"es","@id":"https:\/\/www.hocoffshore.com.mx\/en\/#\/schema\/logo\/image\/","url":"https:\/\/www.hocoffshore.com.mx\/en\/wp-content\/uploads\/2020\/11\/Logo-HOC-a-translucido.png","contentUrl":"https:\/\/www.hocoffshore.com.mx\/en\/wp-content\/uploads\/2020\/11\/Logo-HOC-a-translucido.png","width":2033,"height":2086,"caption":"HOC Offshore - Ingles"},"image":{"@id":"https:\/\/www.hocoffshore.com.mx\/en\/#\/schema\/logo\/image\/"}}]}},"_links":{"self":[{"href":"https:\/\/www.hocoffshore.com.mx\/en\/wp-json\/wp\/v2\/pages\/1769","targetHints":{"allow":["GET"]}}],"collection":[{"href":"https:\/\/www.hocoffshore.com.mx\/en\/wp-json\/wp\/v2\/pages"}],"about":[{"href":"https:\/\/www.hocoffshore.com.mx\/en\/wp-json\/wp\/v2\/types\/page"}],"author":[{"embeddable":true,"href":"https:\/\/www.hocoffshore.com.mx\/en\/wp-json\/wp\/v2\/users\/1"}],"replies":[{"embeddable":true,"href":"https:\/\/www.hocoffshore.com.mx\/en\/wp-json\/wp\/v2\/comments?post=1769"}],"version-history":[{"count":0,"href":"https:\/\/www.hocoffshore.com.mx\/en\/wp-json\/wp\/v2\/pages\/1769\/revisions"}],"up":[{"embeddable":true,"href":"https:\/\/www.hocoffshore.com.mx\/en\/wp-json\/wp\/v2\/pages\/6250"}],"wp:featuredmedia":[{"embeddable":true,"href":"https:\/\/www.hocoffshore.com.mx\/en\/wp-json\/wp\/v2\/media\/10376"}],"wp:attachment":[{"href":"https:\/\/www.hocoffshore.com.mx\/en\/wp-json\/wp\/v2\/media?parent=1769"}],"curies":[{"name":"wp","href":"https:\/\/api.w.org\/{rel}","templated":true}]}}